{"id":22,"date":"2020-04-06T12:12:01","date_gmt":"2020-04-06T10:12:01","guid":{"rendered":""},"modified":"2020-04-07T19:56:57","modified_gmt":"2020-04-07T17:56:57","slug":"ueber-uns","status":"publish","type":"page","link":"https:\/\/www.laendlekassa.at\/shop\/?page_id=22","title":{"rendered":"\u00dcber uns"},"content":{"rendered":"<div id=\"pl-gb22-69e243343dcc9\"  class=\"panel-layout\" ><div id=\"pg-gb22-69e243343dcc9-0\"  class=\"panel-grid panel-no-style\" ><div id=\"pgc-gb22-69e243343dcc9-0-0\"  class=\"panel-grid-cell\" ><div id=\"panel-gb22-69e243343dcc9-0-0-0\" class=\"so-panel widget widget_text panel-first-child\" data-index=\"0\" ><h3 class=\"widget-title\">Wer wir sind<\/h3>\t\t\t<div class=\"textwidget\"><p>Sch\u00f6n, dass Sie unseren Demo-Shop gefunden haben. Mit &#8222;wir&#8220; sprechen wir von der Fa. Directsoft aus Rankweil \/ Vorarlberg \/ \u00d6sterreich. Seit 2001 besch\u00e4ftigen wir uns intensiv mit allen Themen rund um das Thema &#8222;Kassa&#8220;. Und das ist gleich die sch\u00f6ne \u00dcberleitung zu unserem Hauptprodukt &#8211; der L\u00e4ndle-Kassa. Dabei handelt es sich um ein umfangreiches Kassensystem mit Warenwirtschaft, Lagerverwaltung, Zeiterfassung, etc.<\/p>\n<p>Viel mehr dazu, mit vielen Videos, Screenshots, etc. finden Sie auf unserer Website <a href=\"http:\/\/www.laendlekassa.at\">www.laendlekassa.at<\/a><\/p>\n<\/div>\n\t\t<\/div><div id=\"panel-gb22-69e243343dcc9-0-0-1\" class=\"so-panel widget widget_themegrill_suffice_cta tg-cta-container panel-last-child\" data-index=\"1\" ><div class=\"panel-widget-style panel-widget-style-for-gb22-69e243343dcc9-0-0-1\" ><div class=\"cta cta-boxed-one\">\n\t<div class=\"cta-bordered-inner\">\n\t\t\n\t\t<div class=\"cta-info\">\n\t\t\t\t\t\t\t<h3 class=\"cta-title\">Hier geht&#039;s zu unserer Webseite<\/h3>\n\t\t\t\t\t\t\t\t\t\t<div class=\"cta-content\">\n\t\t\t\t\t<p>Erfahren Sie mehr \u00fcber\n&#8211; L\u00e4ndle-Kassa\n    &#8211; Kassensystem\n    &#8211; mobile Handykassa\n    &#8211; Warenwirtschaft\n    &#8211; Lagerverwaltung\n    &#8211; etc.\n&#8211; L\u00e4ndle-Zeiterfassung\n&#8211; etc.<\/p>\n\t\t\t\t<\/div>\n\t\t\t\t\t<\/div> <!-- end cta-info -->\n\n\t\t<div class=\"cta-actions col-md-3\">\n\t\t\t<div class=\"btn-group\">\n\t\t\t\t\t\t\t\t\t<a href=\"https:\/\/www.laendlekassa.at\" class=\"btn btn-medium btn-primary btn-rounded\">www.laendlekassa.at<\/a>\n\t\t\t\t\n\t\t\t\t\t\t\t<\/div> <!-- end btn-group -->\n\t\t<\/div> <!-- end cta-actions -->\n\t<\/div>\n<\/div> <!-- end cta-boxed-one -->\n<\/div><\/div><\/div><\/div><\/div>","protected":false},"excerpt":{"rendered":"<p>Sch\u00f6n, dass Sie unseren Demo-Shop gefunden haben. Mit &#8222;wir&#8220; sprechen wir von der Fa. Directsoft aus Rankweil \/ Vorarlberg \/ \u00d6sterreich. Seit 2001 besch\u00e4ftigen wir uns intensiv mit allen Themen rund um das Thema &#8222;Kassa&#8220;. Und das ist gleich die<\/p>\n","protected":false},"author":1,"featured_media":0,"parent":0,"menu_order":0,"comment_status":"closed","ping_status":"closed","template":"","meta":{"footnotes":""},"_links":{"self":[{"href":"https:\/\/www.laendlekassa.at\/shop\/index.php?rest_route=\/wp\/v2\/pages\/22"}],"collection":[{"href":"https:\/\/www.laendlekassa.at\/shop\/index.php?rest_route=\/wp\/v2\/pages"}],"about":[{"href":"https:\/\/www.laendlekassa.at\/shop\/index.php?rest_route=\/wp\/v2\/types\/page"}],"author":[{"embeddable":true,"href":"https:\/\/www.laendlekassa.at\/shop\/index.php?rest_route=\/wp\/v2\/users\/1"}],"replies":[{"embeddable":true,"href":"https:\/\/www.laendlekassa.at\/shop\/index.php?rest_route=%2Fwp%2Fv2%2Fcomments&post=22"}],"version-history":[{"count":3,"href":"https:\/\/www.laendlekassa.at\/shop\/index.php?rest_route=\/wp\/v2\/pages\/22\/revisions"}],"predecessor-version":[{"id":101,"href":"https:\/\/www.laendlekassa.at\/shop\/index.php?rest_route=\/wp\/v2\/pages\/22\/revisions\/101"}],"wp:attachment":[{"href":"https:\/\/www.laendlekassa.at\/shop\/index.php?rest_route=%2Fwp%2Fv2%2Fmedia&parent=22"}],"curies":[{"name":"wp","href":"https:\/\/api.w.org\/{rel}","templated":true}]}}